{"id":2566,"date":"2025-12-10T14:46:06","date_gmt":"2025-12-10T13:46:06","guid":{"rendered":"https:\/\/notrocket.pl\/?page_id=2566"},"modified":"2026-01-22T13:03:22","modified_gmt":"2026-01-22T12:03:22","slug":"o-kursie","status":"publish","type":"page","link":"https:\/\/notrocket.pl\/?page_id=2566","title":{"rendered":"O KURSIE"},"content":{"rendered":"\n<div class=\"wp-block-group has-global-padding is-layout-constrained wp-container-core-group-is-layout-63a0b46f wp-block-group-is-layout-constrained\" style=\"margin-top:0;margin-bottom:0;padding-top:var(--wp--preset--spacing--50);padding-right:var(--wp--preset--spacing--20);padding-bottom:var(--wp--preset--spacing--50);padding-left:var(--wp--preset--spacing--20)\">\n<div class=\"wp-block-columns alignwide are-vertically-aligned-center is-layout-flex wp-container-core-columns-is-layout-7fc3d43a wp-block-columns-is-layout-flex\">\n<div class=\"wp-block-column is-vertically-aligned-center is-layout-flow wp-block-column-is-layout-flow\">\n<figure class=\"wp-block-image size-full has-custom-border\"><img loading=\"lazy\" decoding=\"async\" width=\"2560\" height=\"1658\" src=\"https:\/\/notrocket.pl\/wp-content\/uploads\/2025\/11\/cherrydeck-rMILC1PIwM0-unsplash-scaled.jpg\" alt=\"\" class=\"wp-image-442\" style=\"border-radius:10px;aspect-ratio:1;object-fit:cover\" srcset=\"https:\/\/notrocket.pl\/wp-content\/uploads\/2025\/11\/cherrydeck-rMILC1PIwM0-unsplash-scaled.jpg 2560w, https:\/\/notrocket.pl\/wp-content\/uploads\/2025\/11\/cherrydeck-rMILC1PIwM0-unsplash-300x194.jpg 300w, https:\/\/notrocket.pl\/wp-content\/uploads\/2025\/11\/cherrydeck-rMILC1PIwM0-unsplash-1024x663.jpg 1024w, https:\/\/notrocket.pl\/wp-content\/uploads\/2025\/11\/cherrydeck-rMILC1PIwM0-unsplash-768x497.jpg 768w, https:\/\/notrocket.pl\/wp-content\/uploads\/2025\/11\/cherrydeck-rMILC1PIwM0-unsplash-1536x995.jpg 1536w, https:\/\/notrocket.pl\/wp-content\/uploads\/2025\/11\/cherrydeck-rMILC1PIwM0-unsplash-2048x1326.jpg 2048w, https:\/\/notrocket.pl\/wp-content\/uploads\/2025\/11\/cherrydeck-rMILC1PIwM0-unsplash-1320x855.jpg 1320w\" sizes=\"auto, (max-width: 2560px) 100vw, 2560px\" \/><\/figure>\n<\/div>\n\n\n\n<div class=\"wp-block-column is-vertically-aligned-center is-layout-flow wp-block-column-is-layout-flow\">\n<h2 class=\"wp-block-heading alignwide\" style=\"line-height:1.2\">5 dni w tygodniu po 15 minut<\/h2>\n\n\n\n<p style=\"margin-top:var(--wp--preset--spacing--30);margin-bottom:var(--wp--preset--spacing--10)\">Aby osi\u0105ga\u0107 progres w czymkolwiek potrzebujesz: <\/p>\n\n\n\n<ol class=\"wp-block-list\">\n<li>ruszy\u0107 z miejsca &#8211; np. zapisa\u0107 si\u0119 na kurs<\/li>\n\n\n\n<li>mie\u0107 struktur\u0119 &#8211; przeznacza\u0107 systematycznie czas na trening, \u0107wiczenie, prac\u0119 w oparciu o podr\u0119cznik, kurs, regularne spotkania z lektorem lub jakie\u015b inn\u0105 metod\u0119<\/li>\n\n\n\n<li>mierzy\u0107 progres i motywowa\u0107 si\u0119 do systematycznej pracy<\/li>\n<\/ol>\n\n\n\n<p>Nasz kurs ma Ci da\u0107 struktur\u0119 oraz sta\u0142e mierzenie post\u0119p\u00f3w, kt\u00f3re odbywa si\u0119 poprzez licznik i statystyki nowopoznanych s\u0142\u00f3wek w Twoim banku s\u0142\u00f3wek, cotygodniowe testy i feedback do ka\u017cdego tematu oraz profesjonalne testy diagnostyczne 4 skilli na pocz\u0105tku testu oraz co 3 miesi\u0105ce. <\/p>\n\n\n\n<p>Kurs jest pilota\u017cem w wersji beta co oznacza, \u017ce mo\u017ce zmienia\u0107 sw\u00f3j kszta\u0142t i charakter w trakcie. To ryzyko, ale te\u017c i potencja\u0142. Szukamy efektywno\u015bci wi\u0119c to przygoda odkrywania siebie i swoich sposob\u00f3w nauki. <\/p>\n\n\n\n<p>Do kursu nie mo\u017cna do\u0142\u0105czy\u0107 automatycznie, trzeba si\u0119 zweryfikowa\u0107 &#8211; wype\u0142ni\u0107 formularz i skontaktowa\u0107 si\u0119 z prowadz\u0105cymi kurs. Chcemy tylko os\u00f3b zmotywowanych. Kurs mo\u017cna opu\u015bci\u0107 w ka\u017cdej chwili bez \u017cadnych konsekwencji. <\/p>\n\n\n\n<p>Masz wi\u0119cej pyta\u0144 napisz do nas: kurs@notrocket.pl <\/p>\n\n\n\n<div class=\"wp-block-buttons is-layout-flex wp-block-buttons-is-layout-flex\" style=\"padding-right:0;padding-left:0\">\n<div class=\"wp-block-button btn-has-icon\"><a class=\"wp-block-button__link wp-element-button\" style=\"padding-right:var(--wp--preset--spacing--40);padding-left:var(--wp--preset--spacing--40)\">Aplikuj teraz<\/a><\/div>\n<\/div>\n<\/div>\n<\/div>\n<\/div>\n","protected":false},"excerpt":{"rendered":"<p>5 dni w tygodniu po 15 minut Aby osi\u0105ga\u0107 progres w czymkolwiek potrzebujesz: Nasz kurs ma Ci da\u0107 struktur\u0119 oraz sta\u0142e mierzenie post\u0119p\u00f3w, kt\u00f3re odbywa si\u0119 poprzez licznik i statystyki nowopoznanych s\u0142\u00f3wek w Twoim banku s\u0142\u00f3wek, cotygodniowe testy i feedback do ka\u017cdego tematu oraz profesjonalne testy diagnostyczne 4 skilli na pocz\u0105tku testu oraz co 3 [&hellip;]<\/p>\n","protected":false},"author":1,"featured_media":0,"parent":0,"menu_order":0,"comment_status":"closed","ping_status":"closed","template":"","meta":{"footnotes":""},"class_list":["post-2566","page","type-page","status-publish","hentry"],"jetpack_sharing_enabled":true,"_links":{"self":[{"href":"https:\/\/notrocket.pl\/index.php?rest_route=\/wp\/v2\/pages\/2566","targetHints":{"allow":["GET"]}}],"collection":[{"href":"https:\/\/notrocket.pl\/index.php?rest_route=\/wp\/v2\/pages"}],"about":[{"href":"https:\/\/notrocket.pl\/index.php?rest_route=\/wp\/v2\/types\/page"}],"author":[{"embeddable":true,"href":"https:\/\/notrocket.pl\/index.php?rest_route=\/wp\/v2\/users\/1"}],"replies":[{"embeddable":true,"href":"https:\/\/notrocket.pl\/index.php?rest_route=%2Fwp%2Fv2%2Fcomments&post=2566"}],"version-history":[{"count":3,"href":"https:\/\/notrocket.pl\/index.php?rest_route=\/wp\/v2\/pages\/2566\/revisions"}],"predecessor-version":[{"id":2684,"href":"https:\/\/notrocket.pl\/index.php?rest_route=\/wp\/v2\/pages\/2566\/revisions\/2684"}],"wp:attachment":[{"href":"https:\/\/notrocket.pl\/index.php?rest_route=%2Fwp%2Fv2%2Fmedia&parent=2566"}],"curies":[{"name":"wp","href":"https:\/\/api.w.org\/{rel}","templated":true}]}}