{"id":17,"date":"2025-11-05T14:55:52","date_gmt":"2025-11-05T13:55:52","guid":{"rendered":"https:\/\/notrocket.pl\/?page_id=17"},"modified":"2026-01-22T13:07:27","modified_gmt":"2026-01-22T12:07:27","slug":"blog","status":"publish","type":"page","link":"https:\/\/notrocket.pl\/?page_id=17","title":{"rendered":"Blog"},"content":{"rendered":"\n<div class=\"wp-block-group r-pad has-white-text-color-background-color has-background has-global-padding is-layout-constrained wp-container-core-group-is-layout-63a0b46f wp-block-group-is-layout-constrained\" style=\"margin-top:0;margin-bottom:0;padding-top:var(--wp--preset--spacing--50);padding-right:var(--wp--preset--spacing--20);padding-bottom:var(--wp--preset--spacing--50);padding-left:var(--wp--preset--spacing--20)\">\n<div class=\"wp-block-columns are-vertically-aligned-center is-layout-flex wp-container-core-columns-is-layout-9cad5244 wp-block-columns-is-layout-flex\" style=\"margin-top:0;margin-bottom:0\">\n<div class=\"wp-block-column is-vertically-aligned-center is-layout-flow wp-block-column-is-layout-flow\">\n<div class=\"wp-block-cover is-light r-cover\" style=\"border-radius:2px;min-height:500px;aspect-ratio:unset;\"><img loading=\"lazy\" decoding=\"async\" width=\"2560\" height=\"1709\" class=\"wp-block-cover__image-background wp-image-453 size-full\" alt=\"Spotkanie przed testem\" src=\"https:\/\/notrocket.pl\/wp-content\/uploads\/2025\/11\/scott-graham-5fNmWej4tAA-unsplash-scaled.jpg\" data-object-fit=\"cover\" srcset=\"https:\/\/notrocket.pl\/wp-content\/uploads\/2025\/11\/scott-graham-5fNmWej4tAA-unsplash-scaled.jpg 2560w, https:\/\/notrocket.pl\/wp-content\/uploads\/2025\/11\/scott-graham-5fNmWej4tAA-unsplash-300x200.jpg 300w, https:\/\/notrocket.pl\/wp-content\/uploads\/2025\/11\/scott-graham-5fNmWej4tAA-unsplash-1024x683.jpg 1024w, https:\/\/notrocket.pl\/wp-content\/uploads\/2025\/11\/scott-graham-5fNmWej4tAA-unsplash-768x513.jpg 768w, https:\/\/notrocket.pl\/wp-content\/uploads\/2025\/11\/scott-graham-5fNmWej4tAA-unsplash-1536x1025.jpg 1536w, https:\/\/notrocket.pl\/wp-content\/uploads\/2025\/11\/scott-graham-5fNmWej4tAA-unsplash-2048x1367.jpg 2048w, https:\/\/notrocket.pl\/wp-content\/uploads\/2025\/11\/scott-graham-5fNmWej4tAA-unsplash-1320x881.jpg 1320w\" sizes=\"auto, (max-width: 2560px) 100vw, 2560px\" \/><span aria-hidden=\"true\" class=\"wp-block-cover__background has-background-dim-0 has-background-dim\" style=\"background-color:#9ba3a4\"><\/span><div class=\"wp-block-cover__inner-container has-global-padding is-layout-constrained wp-block-cover-is-layout-constrained\">\n<p class=\"has-text-align-center has-large-font-size\"><\/p>\n<\/div><\/div>\n<\/div>\n\n\n\n<div class=\"wp-block-column is-vertically-aligned-center is-layout-flow wp-block-column-is-layout-flow\">\n<p class=\"has-text-align-left\" style=\"line-height:1.5\">Testy z angielskiego<\/p>\n\n\n\n<h2 class=\"wp-block-heading has-text-align-left\" style=\"margin-top:10px;margin-bottom:30px;line-height:1.2\">Przetestuj sw\u00f3j angielski za darmo<\/h2>\n\n\n\n<p style=\"margin-bottom:24px\">W Internecie znajdziesz sporo test\u00f3w sprawdzaj\u0105cych twoje kompetencje j\u0119zykowe w dodatku za darmo. Testy s\u0105&nbsp;r\u00f3\u017cnej jako\u015bci i przeznaczone dla r\u00f3\u017cnych os\u00f3b. Ka\u017cdy jednak znajdzie co\u015b dla siebie. <\/p>\n\n\n\n<p>Je\u015bli potrzebujesz jedynie sprawdzi\u0107 na jakim poziomie CEFR, czyli tej mi\u0119dzynarodowej skali, jeste\u015b np. A2, B2, czy C1 to masz np. mo\u017cliwo\u015b\u0107&nbsp;przetestowania si\u0119&nbsp;tu: <a href=\"https:\/\/www.efset.org\/\">https:\/\/www.efset.org\/<\/a>, zupe\u0142nie za darmo, wszystkie 4 skille: reading, writing, listening, speaking, a wyniki otrzymujesz na maila bezpo\u015brednio po te\u015bcie. W dodatku test mo\u017cesz powt\u00f3rzy\u0107 zupe\u0142nie za darmo co miesi\u0105c. To bardzo fajna opcja dla os\u00f3b, kt\u00f3re chc\u0105 regularnie sprawdza\u0107 post\u0119py w nauce. <\/p>\n\n\n\n<p>Je\u015bli chcesz szybkiego wyniku w te\u015bcie sprawdzaj\u0105cym gramatyk\u0119 i s\u0142ownictwo tzw. placement test to kliknij link poni\u017cej. <\/p>\n\n\n\n<div class=\"wp-block-buttons is-layout-flex wp-block-buttons-is-layout-flex\" style=\"margin-top:var(--wp--preset--spacing--30)\">\n<div class=\"wp-block-button btn-has-icon\"><a class=\"wp-block-button__link wp-element-button\" href=\"https:\/\/docs.google.com\/forms\/d\/e\/1FAIpQLSdSRc2_LJWpGocthNwypkf0DPO7GL1WzGbI4-nBuwpcLiCoXg\/viewform\">Czytaj wi\u0119cej<\/a><\/div>\n<\/div>\n<\/div>\n<\/div>\n<\/div>\n","protected":false},"excerpt":{"rendered":"<p>Testy z angielskiego Przetestuj sw\u00f3j angielski za darmo W Internecie znajdziesz sporo test\u00f3w sprawdzaj\u0105cych twoje kompetencje j\u0119zykowe w dodatku za darmo. Testy s\u0105&nbsp;r\u00f3\u017cnej jako\u015bci i przeznaczone dla r\u00f3\u017cnych os\u00f3b. Ka\u017cdy jednak znajdzie co\u015b dla siebie. Je\u015bli potrzebujesz jedynie sprawdzi\u0107 na jakim poziomie CEFR, czyli tej mi\u0119dzynarodowej skali, jeste\u015b np. A2, B2, czy C1 to masz [&hellip;]<\/p>\n","protected":false},"author":1,"featured_media":0,"parent":0,"menu_order":0,"comment_status":"closed","ping_status":"closed","template":"","meta":{"footnotes":""},"class_list":["post-17","page","type-page","status-publish","hentry"],"jetpack_sharing_enabled":true,"_links":{"self":[{"href":"https:\/\/notrocket.pl\/index.php?rest_route=\/wp\/v2\/pages\/17","targetHints":{"allow":["GET"]}}],"collection":[{"href":"https:\/\/notrocket.pl\/index.php?rest_route=\/wp\/v2\/pages"}],"about":[{"href":"https:\/\/notrocket.pl\/index.php?rest_route=\/wp\/v2\/types\/page"}],"author":[{"embeddable":true,"href":"https:\/\/notrocket.pl\/index.php?rest_route=\/wp\/v2\/users\/1"}],"replies":[{"embeddable":true,"href":"https:\/\/notrocket.pl\/index.php?rest_route=%2Fwp%2Fv2%2Fcomments&post=17"}],"version-history":[{"count":5,"href":"https:\/\/notrocket.pl\/index.php?rest_route=\/wp\/v2\/pages\/17\/revisions"}],"predecessor-version":[{"id":2688,"href":"https:\/\/notrocket.pl\/index.php?rest_route=\/wp\/v2\/pages\/17\/revisions\/2688"}],"wp:attachment":[{"href":"https:\/\/notrocket.pl\/index.php?rest_route=%2Fwp%2Fv2%2Fmedia&parent=17"}],"curies":[{"name":"wp","href":"https:\/\/api.w.org\/{rel}","templated":true}]}}